{"id":9,"date":"2023-12-21T02:10:26","date_gmt":"2023-12-21T01:10:26","guid":{"rendered":"http:\/\/innovation-advocate.com\/?page_id=9"},"modified":"2024-09-14T20:48:56","modified_gmt":"2024-09-14T18:48:56","slug":"innovation-advocate","status":"publish","type":"page","link":"https:\/\/innovation-advocate.com\/","title":{"rendered":"About"},"content":{"rendered":"<div  class=\"sek-wp-content-wrapper\" data-sek-wp-post-id=\"9\" data-sek-wp-edit-link=\"https:\/\/innovation-advocate.com\/wp-admin\/post.php?post=9&amp;action=edit\" title=\"WordPress content\"><div  class=\"sek-wp-content-wrapper\" data-sek-wp-post-id=\"9\" data-sek-wp-edit-link=\"https:\/\/innovation-advocate.com\/wp-admin\/post.php?post=9&amp;action=edit\" title=\"WordPress content\"><div  class=\"sek-wp-content-wrapper\" data-sek-wp-post-id=\"9\" data-sek-wp-edit-link=\"https:\/\/innovation-advocate.com\/wp-admin\/post.php?post=9&amp;action=edit\" title=\"WordPress content\"><div  class=\"sek-wp-content-wrapper\" data-sek-wp-post-id=\"9\" data-sek-wp-edit-link=\"https:\/\/innovation-advocate.com\/wp-admin\/post.php?post=9&amp;action=edit\" title=\"WordPress content\"><div  class=\"sek-wp-content-wrapper\" data-sek-wp-post-id=\"9\" data-sek-wp-edit-link=\"https:\/\/innovation-advocate.com\/wp-admin\/post.php?post=9&amp;action=edit\" title=\"WordPress content\"><div  class=\"sek-wp-content-wrapper\" data-sek-wp-post-id=\"9\" data-sek-wp-edit-link=\"https:\/\/innovation-advocate.com\/wp-admin\/post.php?post=9&amp;action=edit\" title=\"WordPress content\"><div  class=\"sek-wp-content-wrapper\" data-sek-wp-post-id=\"9\" data-sek-wp-edit-link=\"https:\/\/innovation-advocate.com\/wp-admin\/post.php?post=9&amp;action=edit\" title=\"WordPress content\"><div  class=\"sek-wp-content-wrapper\" data-sek-wp-post-id=\"9\" data-sek-wp-edit-link=\"https:\/\/innovation-advocate.com\/wp-admin\/post.php?post=9&amp;action=edit\" title=\"WordPress content\"><div  class=\"sek-wp-content-wrapper\" data-sek-wp-post-id=\"9\" data-sek-wp-edit-link=\"https:\/\/innovation-advocate.com\/wp-admin\/post.php?post=9&amp;action=edit\" title=\"WordPress content\"><div  class=\"sek-wp-content-wrapper\" data-sek-wp-post-id=\"9\" data-sek-wp-edit-link=\"https:\/\/innovation-advocate.com\/wp-admin\/post.php?post=9&amp;action=edit\" title=\"WordPress content\"><div  class=\"sek-wp-content-wrapper\" data-sek-wp-post-id=\"9\" data-sek-wp-edit-link=\"https:\/\/innovation-advocate.com\/wp-admin\/post.php?post=9&amp;action=edit\" title=\"WordPress content\"><div  class=\"sek-wp-content-wrapper\" data-sek-wp-post-id=\"9\" data-sek-wp-edit-link=\"https:\/\/innovation-advocate.com\/wp-admin\/post.php?post=9&amp;action=edit\" title=\"WordPress content\"><div  class=\"sek-wp-content-wrapper\" data-sek-wp-post-id=\"9\" data-sek-wp-edit-link=\"https:\/\/innovation-advocate.com\/wp-admin\/post.php?post=9&amp;action=edit\" title=\"WordPress content\"><div  class=\"sek-wp-content-wrapper\" data-sek-wp-post-id=\"9\" data-sek-wp-edit-link=\"https:\/\/innovation-advocate.com\/wp-admin\/post.php?post=9&amp;action=edit\" title=\"WordPress content\"><div  class=\"sek-wp-content-wrapper\" data-sek-wp-post-id=\"9\" data-sek-wp-edit-link=\"https:\/\/innovation-advocate.com\/wp-admin\/post.php?post=9&amp;action=edit\" title=\"WordPress content\"><div  class=\"sek-wp-content-wrapper\" data-sek-wp-post-id=\"9\" data-sek-wp-edit-link=\"https:\/\/innovation-advocate.com\/wp-admin\/post.php?post=9&amp;action=edit\" title=\"WordPress content\"><div  class=\"sek-wp-content-wrapper\" data-sek-wp-post-id=\"9\" data-sek-wp-edit-link=\"https:\/\/innovation-advocate.com\/wp-admin\/post.php?post=9&amp;action=edit\" title=\"WordPress content\"><div  class=\"sek-wp-content-wrapper\" data-sek-wp-post-id=\"9\" data-sek-wp-edit-link=\"https:\/\/innovation-advocate.com\/wp-admin\/post.php?post=9&amp;action=edit\" title=\"WordPress content\"><div  class=\"sek-wp-content-wrapper\" data-sek-wp-post-id=\"9\" data-sek-wp-edit-link=\"https:\/\/innovation-advocate.com\/wp-admin\/post.php?post=9&amp;action=edit\" title=\"WordPress content\"><div  class=\"sek-wp-content-wrapper\" data-sek-wp-post-id=\"9\" data-sek-wp-edit-link=\"https:\/\/innovation-advocate.com\/wp-admin\/post.php?post=9&amp;action=edit\" title=\"WordPress content\"><div  class=\"sek-wp-content-wrapper\" data-sek-wp-post-id=\"9\" data-sek-wp-edit-link=\"https:\/\/innovation-advocate.com\/wp-admin\/post.php?post=9&amp;action=edit\" title=\"WordPress content\"><div  class=\"sek-wp-content-wrapper\" data-sek-wp-post-id=\"9\" data-sek-wp-edit-link=\"https:\/\/innovation-advocate.com\/wp-admin\/post.php?post=9&amp;action=edit\" title=\"WordPress content\"><div  class=\"sek-wp-content-wrapper\" data-sek-wp-post-id=\"9\" data-sek-wp-edit-link=\"https:\/\/innovation-advocate.com\/wp-admin\/post.php?post=9&amp;action=edit\" title=\"WordPress content\"><div  class=\"sek-wp-content-wrapper\" data-sek-wp-post-id=\"9\" data-sek-wp-edit-link=\"https:\/\/innovation-advocate.com\/wp-admin\/post.php?post=9&amp;action=edit\" title=\"WordPress content\"><div  class=\"sek-wp-content-wrapper\" data-sek-wp-post-id=\"9\" data-sek-wp-edit-link=\"https:\/\/innovation-advocate.com\/wp-admin\/post.php?post=9&amp;action=edit\" title=\"WordPress content\"><div  class=\"sek-wp-content-wrapper\" data-sek-wp-post-id=\"9\" data-sek-wp-edit-link=\"https:\/\/innovation-advocate.com\/wp-admin\/post.php?post=9&amp;action=edit\" title=\"WordPress content\"><div  class=\"sek-wp-content-wrapper\" data-sek-wp-post-id=\"9\" data-sek-wp-edit-link=\"https:\/\/innovation-advocate.com\/wp-admin\/post.php?post=9&amp;action=edit\" title=\"WordPress content\"><div  class=\"sek-wp-content-wrapper\" data-sek-wp-post-id=\"9\" data-sek-wp-edit-link=\"https:\/\/innovation-advocate.com\/wp-admin\/post.php?post=9&amp;action=edit\" title=\"WordPress content\"><div  id=\"team-2\" style=\"background-color: #ffffff;\" data-label=\"Team\" data-id=\"team-2\" data-export-id=\"team-2\" data-category=\"team\" class=\"team-2 content-section content-section-spacing\"><div  class=\"\"><div  class=\"row text-center\"><div  class=\"section-title-col\" data-type=\"column\">\n<h2  class=\"\">Founder<\/h2>\n<p  class=\"lead\">Innovation Advocate is a consulting boutique which results from the first-hand experiences in entrepreneurship, role of founder, legal counsellor, NGO leadership and volunteering roles. The challenges and chances which we encountered indicated common issues&nbsp;<\/p>\n<\/div><\/div><div  class=\"row spaced-cols start-sm content-left-sm\" data-type=\"row\"><div  class=\"col-sm-6 col-md-6 \"><div  class=\"card y-move no-padding bordered\"><div  data-type=\"column\" class=\"col-padding-small col-padding-small-xs description-container\">  <img  decoding=\"async\" class=\"custom-image\" src=\"https:\/\/innovation-advocate.com\/wp-content\/uploads\/2024\/01\/cropped-Joanna-Mamczur-Poland-1024x751-1.jpg\" title=\"Joanna-Mamczur-Poland-1024x751\" alt=\"\">\n<h4  class=\"font-500\">Joanna Mamczur<\/h4>\n<p  class=\"small\" style=\"font-style: italic;\"><span  style=\"font-style: normal;\">Adwokat | Attorney-at-law<\/span><\/p>\n<p  class=\"\">Founder<\/p>\n<\/div><\/div><\/div><div  class=\"col-sm-6 col-md-6 \"><div  class=\"card y-move no-padding bordered\"><div  data-type=\"column\" class=\"col-padding-small col-padding-small-xs description-container\"><div  class=\"social-icons-group\" data-type=\"group\"> <a  href=\"#\" target=\"_self\" data-reiki-hidden=\"true\" rel=\"noopener\"><i  class=\"gray fa icon fa-facebook-square\"><\/i><\/a> <a  href=\"#\" target=\"_self\" data-reiki-hidden=\"true\" rel=\"noopener\"><i  class=\"gray fa icon fa-twitter-square\"><\/i><\/a> <a  href=\"#\" target=\"_self\" data-reiki-hidden=\"true\" rel=\"noopener\"><i  class=\"gray fa icon fa-linkedin-square\"><\/i><\/a> <a  href=\"#\" target=\"_self\" data-reiki-hidden=\"true\" rel=\"noopener\"><i  class=\"gray fa icon fa-google-plus-square\"><\/i><\/a><\/div><p  class=\"lead\">\n<\/p><h4  class=\"font-500\" style=\"margin-bottom: 16px; outline: rgb(204, 204, 204) solid 1px;\">International business lawyer, entrepreneur and a founder of:\n<p >\n<\/p><p >\u2013 Innovation Advocate<\/p>\n<p >\u2013 Mamczur Law Firm<\/p>\n<p >\u2013 FinTech startup.<\/p>\n<p  style=\"margin-bottom: 16px;\">Experienced international NGO leader and mentor.<\/p>\n<\/h4>\n<p  class=\"\">\n<\/p><p  class=\"MsoNormal\"><span  lang=\"EN-US\" style=\"font-size: 10pt; line-height: 107%; background-image: initial; background-position: initial; background-size: initial; background-repeat: initial; background-attachment: initial; background-origin: initial; background-clip: initial;\">EDUCATION<o  :p=\"\"><\/o><\/span><\/p>\n<p  class=\"MsoNormal\"><span  lang=\"EN-US\" style=\"font-size: 10pt; line-height: 107%; background-image: initial; background-position: initial; background-size: initial; background-repeat: initial; background-attachment: initial; background-origin: initial; background-clip: initial;\"><\/span><\/p>\n<p  class=\"\">\u2022 Executive MBA,<o  :p=\"\"><\/o><\/p>\n<p  class=\"MsoNormal\"><span  lang=\"EN-US\" style=\"font-size: 10pt; line-height: 107%; background-image: initial; background-position: initial; background-size: initial; background-repeat: initial; background-attachment: initial; background-origin: initial; background-clip: initial;\">\u2022 Member of Warsaw Bar of Advocates since 2010;<o  :p=\"\"><\/o><\/span><\/p>\n<p  class=\"MsoNormal\"><span  lang=\"EN-US\" style=\"font-size: 10pt; line-height: 107%; background-image: initial; background-position: initial; background-size: initial; background-repeat: initial; background-attachment: initial; background-origin: initial; background-clip: initial;\">\u2022 Germany: LL.M. Finance at the Institute for Law and Finance (Goethe&nbsp;Universit\u00e4t, Frankfurt am Main);<\/span><\/p>\n<p  class=\"MsoNormal\"><span  lang=\"EN-US\" style=\"font-size: 10pt; line-height: 107%; background-image: initial; background-position: initial; background-size: initial; background-repeat: initial; background-attachment: initial; background-origin: initial; background-clip: initial;\">\u2022 France: University in Paris \u2013 Ma\u00eetre en droit (French Master of Laws,&nbsp;specialized in business law);<\/span><\/p>\n<p  class=\"MsoNormal\"><span  lang=\"EN-US\" style=\"font-size: 10pt; line-height: 107%; background-image: initial; background-position: initial; background-size: initial; background-repeat: initial; background-attachment: initial; background-origin: initial; background-clip: initial;\">\u2022 France: University in Tours \u2013postgraduate studies in French law;<o  :p=\"\"><\/o><\/span><\/p>\n<p  class=\"MsoNormal\"><span  lang=\"EN-US\" style=\"font-size: 10pt; line-height: 107%; background-image: initial; background-position: initial; background-size: initial; background-repeat: initial; background-attachment: initial; background-origin: initial; background-clip: initial;\">\u2022 University in \u0141\u00f3d\u017a, Poland \u2013 Master of Laws, specialized in business law;<\/span><\/p>\n<p  class=\"MsoNormal\"><span  lang=\"EN-US\" style=\"font-size: 10pt; line-height: 107%; background-image: initial; background-position: initial; background-size: initial; background-repeat: initial; background-attachment: initial; background-origin: initial; background-clip: initial;\">\u2022 Several international leadership &amp; business training programs.<o  :p=\"\"><\/o><\/span><\/p>\n<\/div><\/div><\/div><\/div><\/div><\/div><\/div><\/div><\/div><\/div><\/div><\/div><\/div><\/div><\/div><\/div><\/div><\/div><\/div><\/div><\/div><\/div><\/div><\/div><\/div><\/div><\/div><\/div><\/div><\/div><\/div><\/div><\/div><\/div>","protected":false},"excerpt":{"rendered":"<p>Founder Innovation Advocate is a consulting boutique which results from the first-hand experiences in entrepreneurship, role of founder, legal counsellor, NGO leadership and volunteering roles. The challenges and chances which we encountered indicated common issues&nbsp; Joanna Mamczur Adwokat | Attorney-at-law Founder International business lawyer, entrepreneur and a founder of: \u2013 Innovation Advocate \u2013 Mamczur Law&hellip; <br \/> <a class=\"read-more\" href=\"https:\/\/innovation-advocate.com\/\">Read more<\/a><\/p>\n","protected":false},"author":1,"featured_media":69,"parent":0,"menu_order":0,"comment_status":"closed","ping_status":"closed","template":"page-templates\/homepage.php","meta":{"footnotes":""},"class_list":["post-9","page","type-page","status-publish","has-post-thumbnail","hentry"],"yoast_head":"<!-- This site is optimized with the Yoast SEO plugin v25.7 - https:\/\/yoast.com\/wordpress\/plugins\/seo\/ -->\n<title>About - Innovation Advocate<\/title>\n<meta name=\"description\" content=\"Consulting services that empower innovation - supporting business growth in regulated markets. FinTech, startups, VC, NGOs, accelerators, academia - support via compliance, technology, law and business expertise\" \/>\n<meta name=\"robots\" content=\"index, follow, max-snippet:-1, max-image-preview:large, max-video-preview:-1\" \/>\n<link rel=\"canonical\" href=\"https:\/\/innovation-advocate.com\/\" \/>\n<meta property=\"og:locale\" content=\"en_US\" \/>\n<meta property=\"og:type\" content=\"article\" \/>\n<meta property=\"og:title\" content=\"About - Innovation Advocate\" \/>\n<meta property=\"og:description\" content=\"Consulting services that empower innovation - supporting business growth in regulated markets. FinTech, startups, VC, NGOs, accelerators, academia - support via compliance, technology, law and business expertise\" \/>\n<meta property=\"og:url\" content=\"https:\/\/innovation-advocate.com\/\" \/>\n<meta property=\"og:site_name\" content=\"Innovation Advocate\" \/>\n<meta property=\"article:modified_time\" content=\"2024-09-14T18:48:56+00:00\" \/>\n<meta property=\"og:image\" content=\"https:\/\/innovation-advocate.com\/wp-content\/uploads\/2024\/01\/c2ff85ca-5105-44a9-a588-8b24ffeec9ea.jpg\" \/>\n\t<meta property=\"og:image:width\" content=\"1024\" \/>\n\t<meta property=\"og:image:height\" content=\"1024\" \/>\n\t<meta property=\"og:image:type\" content=\"image\/jpeg\" \/>\n<meta name=\"twitter:card\" content=\"summary_large_image\" \/>\n<meta name=\"twitter:label1\" content=\"Est. reading time\" \/>\n\t<meta name=\"twitter:data1\" content=\"6 minutes\" \/>\n<script type=\"application\/ld+json\" class=\"yoast-schema-graph\">{\"@context\":\"https:\/\/schema.org\",\"@graph\":[{\"@type\":\"WebPage\",\"@id\":\"https:\/\/innovation-advocate.com\/\",\"url\":\"https:\/\/innovation-advocate.com\/\",\"name\":\"About - Innovation Advocate\",\"isPartOf\":{\"@id\":\"https:\/\/innovation-advocate.com\/#website\"},\"primaryImageOfPage\":{\"@id\":\"https:\/\/innovation-advocate.com\/#primaryimage\"},\"image\":{\"@id\":\"https:\/\/innovation-advocate.com\/#primaryimage\"},\"thumbnailUrl\":\"https:\/\/innovation-advocate.com\/wp-content\/uploads\/2024\/01\/c2ff85ca-5105-44a9-a588-8b24ffeec9ea.jpg\",\"datePublished\":\"2023-12-21T01:10:26+00:00\",\"dateModified\":\"2024-09-14T18:48:56+00:00\",\"description\":\"Consulting services that empower innovation - supporting business growth in regulated markets. FinTech, startups, VC, NGOs, accelerators, academia - support via compliance, technology, law and business expertise\",\"breadcrumb\":{\"@id\":\"https:\/\/innovation-advocate.com\/#breadcrumb\"},\"inLanguage\":\"en-US\",\"potentialAction\":[{\"@type\":\"ReadAction\",\"target\":[\"https:\/\/innovation-advocate.com\/\"]}]},{\"@type\":\"ImageObject\",\"inLanguage\":\"en-US\",\"@id\":\"https:\/\/innovation-advocate.com\/#primaryimage\",\"url\":\"https:\/\/innovation-advocate.com\/wp-content\/uploads\/2024\/01\/c2ff85ca-5105-44a9-a588-8b24ffeec9ea.jpg\",\"contentUrl\":\"https:\/\/innovation-advocate.com\/wp-content\/uploads\/2024\/01\/c2ff85ca-5105-44a9-a588-8b24ffeec9ea.jpg\",\"width\":1024,\"height\":1024},{\"@type\":\"BreadcrumbList\",\"@id\":\"https:\/\/innovation-advocate.com\/#breadcrumb\",\"itemListElement\":[{\"@type\":\"ListItem\",\"position\":1,\"name\":\"Home\",\"item\":\"https:\/\/innovation-advocate.com\/\"},{\"@type\":\"ListItem\",\"position\":2,\"name\":\"About\"}]},{\"@type\":\"WebSite\",\"@id\":\"https:\/\/innovation-advocate.com\/#website\",\"url\":\"https:\/\/innovation-advocate.com\/\",\"name\":\"Innovation Advocate\",\"description\":\"\",\"publisher\":{\"@id\":\"https:\/\/innovation-advocate.com\/#organization\"},\"potentialAction\":[{\"@type\":\"SearchAction\",\"target\":{\"@type\":\"EntryPoint\",\"urlTemplate\":\"https:\/\/innovation-advocate.com\/?s={search_term_string}\"},\"query-input\":{\"@type\":\"PropertyValueSpecification\",\"valueRequired\":true,\"valueName\":\"search_term_string\"}}],\"inLanguage\":\"en-US\"},{\"@type\":\"Organization\",\"@id\":\"https:\/\/innovation-advocate.com\/#organization\",\"name\":\"Innovation Advocate\",\"url\":\"https:\/\/innovation-advocate.com\/\",\"logo\":{\"@type\":\"ImageObject\",\"inLanguage\":\"en-US\",\"@id\":\"https:\/\/innovation-advocate.com\/#\/schema\/logo\/image\/\",\"url\":\"https:\/\/innovation-advocate.com\/wp-content\/uploads\/2024\/01\/cropped-cropped-7.png\",\"contentUrl\":\"https:\/\/innovation-advocate.com\/wp-content\/uploads\/2024\/01\/cropped-cropped-7.png\",\"width\":318,\"height\":317,\"caption\":\"Innovation Advocate\"},\"image\":{\"@id\":\"https:\/\/innovation-advocate.com\/#\/schema\/logo\/image\/\"}}]}<\/script>\n<!-- \/ Yoast SEO plugin. -->","yoast_head_json":{"title":"About - Innovation Advocate","description":"Consulting services that empower innovation - supporting business growth in regulated markets. FinTech, startups, VC, NGOs, accelerators, academia - support via compliance, technology, law and business expertise","robots":{"index":"index","follow":"follow","max-snippet":"max-snippet:-1","max-image-preview":"max-image-preview:large","max-video-preview":"max-video-preview:-1"},"canonical":"https:\/\/innovation-advocate.com\/","og_locale":"en_US","og_type":"article","og_title":"About - Innovation Advocate","og_description":"Consulting services that empower innovation - supporting business growth in regulated markets. FinTech, startups, VC, NGOs, accelerators, academia - support via compliance, technology, law and business expertise","og_url":"https:\/\/innovation-advocate.com\/","og_site_name":"Innovation Advocate","article_modified_time":"2024-09-14T18:48:56+00:00","og_image":[{"width":1024,"height":1024,"url":"https:\/\/innovation-advocate.com\/wp-content\/uploads\/2024\/01\/c2ff85ca-5105-44a9-a588-8b24ffeec9ea.jpg","type":"image\/jpeg"}],"twitter_card":"summary_large_image","twitter_misc":{"Est. reading time":"6 minutes"},"schema":{"@context":"https:\/\/schema.org","@graph":[{"@type":"WebPage","@id":"https:\/\/innovation-advocate.com\/","url":"https:\/\/innovation-advocate.com\/","name":"About - Innovation Advocate","isPartOf":{"@id":"https:\/\/innovation-advocate.com\/#website"},"primaryImageOfPage":{"@id":"https:\/\/innovation-advocate.com\/#primaryimage"},"image":{"@id":"https:\/\/innovation-advocate.com\/#primaryimage"},"thumbnailUrl":"https:\/\/innovation-advocate.com\/wp-content\/uploads\/2024\/01\/c2ff85ca-5105-44a9-a588-8b24ffeec9ea.jpg","datePublished":"2023-12-21T01:10:26+00:00","dateModified":"2024-09-14T18:48:56+00:00","description":"Consulting services that empower innovation - supporting business growth in regulated markets. FinTech, startups, VC, NGOs, accelerators, academia - support via compliance, technology, law and business expertise","breadcrumb":{"@id":"https:\/\/innovation-advocate.com\/#breadcrumb"},"inLanguage":"en-US","potentialAction":[{"@type":"ReadAction","target":["https:\/\/innovation-advocate.com\/"]}]},{"@type":"ImageObject","inLanguage":"en-US","@id":"https:\/\/innovation-advocate.com\/#primaryimage","url":"https:\/\/innovation-advocate.com\/wp-content\/uploads\/2024\/01\/c2ff85ca-5105-44a9-a588-8b24ffeec9ea.jpg","contentUrl":"https:\/\/innovation-advocate.com\/wp-content\/uploads\/2024\/01\/c2ff85ca-5105-44a9-a588-8b24ffeec9ea.jpg","width":1024,"height":1024},{"@type":"BreadcrumbList","@id":"https:\/\/innovation-advocate.com\/#breadcrumb","itemListElement":[{"@type":"ListItem","position":1,"name":"Home","item":"https:\/\/innovation-advocate.com\/"},{"@type":"ListItem","position":2,"name":"About"}]},{"@type":"WebSite","@id":"https:\/\/innovation-advocate.com\/#website","url":"https:\/\/innovation-advocate.com\/","name":"Innovation Advocate","description":"","publisher":{"@id":"https:\/\/innovation-advocate.com\/#organization"},"potentialAction":[{"@type":"SearchAction","target":{"@type":"EntryPoint","urlTemplate":"https:\/\/innovation-advocate.com\/?s={search_term_string}"},"query-input":{"@type":"PropertyValueSpecification","valueRequired":true,"valueName":"search_term_string"}}],"inLanguage":"en-US"},{"@type":"Organization","@id":"https:\/\/innovation-advocate.com\/#organization","name":"Innovation Advocate","url":"https:\/\/innovation-advocate.com\/","logo":{"@type":"ImageObject","inLanguage":"en-US","@id":"https:\/\/innovation-advocate.com\/#\/schema\/logo\/image\/","url":"https:\/\/innovation-advocate.com\/wp-content\/uploads\/2024\/01\/cropped-cropped-7.png","contentUrl":"https:\/\/innovation-advocate.com\/wp-content\/uploads\/2024\/01\/cropped-cropped-7.png","width":318,"height":317,"caption":"Innovation Advocate"},"image":{"@id":"https:\/\/innovation-advocate.com\/#\/schema\/logo\/image\/"}}]}},"_links":{"self":[{"href":"https:\/\/innovation-advocate.com\/index.php?rest_route=\/wp\/v2\/pages\/9","targetHints":{"allow":["GET"]}}],"collection":[{"href":"https:\/\/innovation-advocate.com\/index.php?rest_route=\/wp\/v2\/pages"}],"about":[{"href":"https:\/\/innovation-advocate.com\/index.php?rest_route=\/wp\/v2\/types\/page"}],"author":[{"embeddable":true,"href":"https:\/\/innovation-advocate.com\/index.php?rest_route=\/wp\/v2\/users\/1"}],"replies":[{"embeddable":true,"href":"https:\/\/innovation-advocate.com\/index.php?rest_route=%2Fwp%2Fv2%2Fcomments&post=9"}],"version-history":[{"count":52,"href":"https:\/\/innovation-advocate.com\/index.php?rest_route=\/wp\/v2\/pages\/9\/revisions"}],"predecessor-version":[{"id":658,"href":"https:\/\/innovation-advocate.com\/index.php?rest_route=\/wp\/v2\/pages\/9\/revisions\/658"}],"wp:featuredmedia":[{"embeddable":true,"href":"https:\/\/innovation-advocate.com\/index.php?rest_route=\/wp\/v2\/media\/69"}],"wp:attachment":[{"href":"https:\/\/innovation-advocate.com\/index.php?rest_route=%2Fwp%2Fv2%2Fmedia&parent=9"}],"curies":[{"name":"wp","href":"https:\/\/api.w.org\/{rel}","templated":true}]}}